{"id":15,"date":"2024-06-17T12:11:00","date_gmt":"2024-06-17T12:11:00","guid":{"rendered":"http:\/\/enisrent.com\/?page_id=15"},"modified":"2024-06-26T09:44:34","modified_gmt":"2024-06-26T07:44:34","slug":"oferta","status":"publish","type":"page","link":"https:\/\/enisrent.com\/sq\/oferta\/","title":{"rendered":"Oferta"},"content":{"rendered":"<div data-elementor-type=\"wp-page\" data-elementor-id=\"15\" class=\"elementor elementor-15\" data-elementor-post-type=\"page\">\n\t\t\t\t<div class=\"elementor-element elementor-element-dbc06fe e-flex e-con-boxed e-con e-parent\" data-id=\"dbc06fe\" data-element_type=\"container\" data-e-type=\"container\">\n\t\t\t\t\t<div class=\"e-con-inner\">\n\t\t\t\t<div class=\"elementor-element elementor-element-b010f38 elementor-invisible elementor-widget elementor-widget-heading\" data-id=\"b010f38\" data-element_type=\"widget\" data-e-type=\"widget\" data-settings=\"{&quot;_animation&quot;:&quot;fadeInRight&quot;}\" data-widget_type=\"heading.default\">\n\t\t\t\t<div class=\"elementor-widget-container\">\n\t\t\t\t\t<h2 class=\"elementor-heading-title elementor-size-default\">Ofertat<\/h2>\t\t\t\t<\/div>\n\t\t\t\t<\/div>\n\t\t\t\t\t<\/div>\n\t\t\t\t<\/div>\n\t\t<div class=\"elementor-element elementor-element-e617872 e-flex e-con-boxed e-con e-parent\" data-id=\"e617872\" data-element_type=\"container\" data-e-type=\"container\">\n\t\t\t\t\t<div class=\"e-con-inner\">\n\t\t\t\t<div class=\"elementor-element elementor-element-eb6dfe6 elementor-invisible elementor-widget elementor-widget-text-editor\" data-id=\"eb6dfe6\" data-element_type=\"widget\" data-e-type=\"widget\" data-settings=\"{&quot;_animation&quot;:&quot;fadeInRight&quot;}\" data-widget_type=\"text-editor.default\">\n\t\t\t\t<div class=\"elementor-widget-container\">\n\t\t\t\t\t\t\t\t\t\u00c7mimet m\u00eb t\u00eb mira\t\t\t\t\t\t\t\t<\/div>\n\t\t\t\t<\/div>\n\t\t\t\t\t<\/div>\n\t\t\t\t<\/div>\n\t\t<div class=\"elementor-element elementor-element-4bcf896 e-flex e-con-boxed e-con e-parent\" data-id=\"4bcf896\" data-element_type=\"container\" data-e-type=\"container\">\n\t\t\t\t\t<div class=\"e-con-inner\">\n\t\t\t\t<div class=\"elementor-element elementor-element-b91cddc elementor-widget elementor-widget-html\" data-id=\"b91cddc\" data-element_type=\"widget\" data-e-type=\"widget\" data-widget_type=\"html.default\">\n\t\t\t\t<div class=\"elementor-widget-container\">\n\t\t\t\t\t\n<div class=\"wrap plugin-container\">\n\n\t\n\t\n\t\t<h3 class=\"vrcclistheadt\">Discount<\/h3>\n\t<div class=\"vrc-search-results-block vrc-search-results-block-grid\">\n\n\t<div class=\"car_result\">\n\t\t<div class=\"vrc-car-result-left\">\n\t\t\t\t\t<img decoding=\"async\" class=\"imgresult\" alt=\"Ford KA\" src=\"https:\/\/enisrent.com\/wp-content\/plugins\/vikrentcar\/admin\/resources\/vthumb_whatsapp_image_2024-06-17_at_11.21.48.jpeg\"\/>\n\t\t\t\t\t<\/div>\n\t\t<div class=\"vrc-car-result-right\">\n\t\t\t<div class=\"vrc-car-result-rightinner\">\n\t\t\t\t<div class=\"vrc-car-result-rightinner-deep\">\n\t\t\t\t\t<div class=\"vrc-car-result-inner\">\n\t\t\t\t\t\t<h4 class=\"vrc-car-name\">\n\t\t\t\t\t\t\t<a href=\"https:\/\/enisrent.com\/sq\/oferta\/?option=com_vikrentcar&amp;view=cardetails&amp;carid=10\">Ford KA<\/a>\n\t\t\t\t\t\t<\/h4>\n\t\t\t\t\t\t\t\t\t\t\t<div class=\"vrc-car-category\">Ford, Discount<\/div>\n\t\t\t\t\t\t\t\t\t\t\t\t<div class=\"vrc-car-result-description\">\n\t\t\t\t\t\tFord KA 1.6 Benzin 2005 Manual 1 + 1 ofron nj\u00eb kombinim t\u00eb mir\u00eb t\u00eb performanc\u00ebs dhe ekonomis\u00eb s\u00eb karburantit, e b\u00ebr\u00eb p\u00ebr p\u00ebrdorim efikas n\u00eb qytet dhe p\u00ebr udh\u00ebtime t\u00eb shkurtra.\t\t\t\t\t\t<\/div>\n\t\t\t\t\t\t\t\t\t\t\t\t\t<div class=\"vrc-car-characteristics\">\n\t\t\t\t\t\t\t\t<div class=\"vrccaratsdiv\"><div class=\"vrccarcarat\"><span class=\"vrc-carat-cont\"><span class=\"vrc-expl\" data-vrc-expl=\"A\/C\"><i class=\"fas fa-snowflake\"><\/i><\/span><\/span>\n<\/div><div class=\"vrccarcarat\"><span class=\"vrc-carat-cont\"><span class=\"vrc-expl\" data-vrc-expl=\"Extra Passenger\"><i class=\"fas fa-user\"><\/i><\/span><\/span>\n<\/div><div class=\"vrccarcarat\"><span class=\"vrc-carat-cont\"><span class=\"vrc-expl\" data-vrc-expl=\"3x Luggage\"><i class=\"fas fa-suitcase\"><\/i><\/span><\/span>\n<\/div><div class=\"vrccarcarat\"><span class=\"vrc-carat-cont\"><span class=\"vrc-expl\" data-vrc-expl=\"2x Luggage\"><i class=\"fas fa-suitcase\"><\/i><\/span><\/span>\n<\/div><\/div>\n\t\t\t\t\t\t\t<\/div>\n\t\t\t\t\t\t\t\t\t\t\t\t<\/div>\n\t\t\t\t\t<div class=\"vrc-car-lastblock\">\n\t\t\t\t\t\t<div class=\"vrc-car-price\">\n\t\t\t\t\t\t\t<div class=\"vrcsrowpricediv\">\n\t\t\t\t\t\t\t\t\t\t\t\t\t\t\t<span class=\"vrcstartfrom\">Duke filluar nga<\/span>\n\t\t\t\t\t\t\t\t<span class=\"car_cost\"><span class=\"vrc_currency\">\u20ac<\/span> <span class=\"vrc_price\">30.00<\/span><\/span>\n\t\t\t\t\t\t\t\t\t\t\t\t\t\t<\/div>\n\t\t\t\t\t\t<\/div>\n\t\t\t\t\t\t<div class=\"vrc-car-bookingbtn\">\n\t\t\t\t\t\t\t<span class=\"vrclistgoon\"><a class=\"btn vrc-pref-color-btn\" href=\"https:\/\/enisrent.com\/sq\/oferta\/?option=com_vikrentcar&amp;view=cardetails&amp;carid=10\">Rezervo Tani<\/a><\/span>\n\t\t\t\t\t\t<\/div>\n\t\t\t\t\t<\/div>\n\t\t\t\t<\/div>\n\t\t\t<\/div>\n\t\t<\/div>\n\t<\/div>\n\t\t<div class=\"car_result\">\n\t\t<div class=\"vrc-car-result-left\">\n\t\t\t\t\t<img decoding=\"async\" class=\"imgresult\" alt=\"Hyundai I30\" src=\"https:\/\/enisrent.com\/wp-content\/plugins\/vikrentcar\/admin\/resources\/vthumb_hyndai.jpeg\"\/>\n\t\t\t\t\t<\/div>\n\t\t<div class=\"vrc-car-result-right\">\n\t\t\t<div class=\"vrc-car-result-rightinner\">\n\t\t\t\t<div class=\"vrc-car-result-rightinner-deep\">\n\t\t\t\t\t<div class=\"vrc-car-result-inner\">\n\t\t\t\t\t\t<h4 class=\"vrc-car-name\">\n\t\t\t\t\t\t\t<a href=\"https:\/\/enisrent.com\/sq\/oferta\/?option=com_vikrentcar&amp;view=cardetails&amp;carid=1\">Hyundai I30<\/a>\n\t\t\t\t\t\t<\/h4>\n\t\t\t\t\t\t\t\t\t\t\t<div class=\"vrc-car-category\">Hyundai, Ulje<\/div>\n\t\t\t\t\t\t\t\t\t\t\t\t<div class=\"vrc-car-result-description\">\n\t\t\t\t\t\tHyundai i30 2008 1.6 Benzine Automatik 4 + 1 ofron kombinim t\u00eb mir\u00eb t\u00eb komoditetit dhe efikasitetit t\u00eb karburantit, ideal p\u00ebr p\u00ebrdorim t\u00eb p\u00ebrditsh\u00ebm dhe udh\u00ebtime t\u00eb shkurtra n\u00eb qytet.\t\t\t\t\t\t<\/div>\n\t\t\t\t\t\t\t\t\t\t\t\t\t<div class=\"vrc-car-characteristics\">\n\t\t\t\t\t\t\t\t<div class=\"vrccaratsdiv\"><div class=\"vrccarcarat\"><span class=\"vrc-carat-cont\"><span class=\"vrc-expl\" data-vrc-expl=\"A\/C\"><i class=\"fas fa-snowflake\"><\/i><\/span><\/span>\n<\/div><div class=\"vrccarcarat\"><span class=\"vrc-carat-cont\"><span class=\"vrc-expl\" data-vrc-expl=\"Extra Passenger\"><i class=\"fas fa-user\"><\/i><\/span><\/span>\n<\/div><div class=\"vrccarcarat\"><span class=\"vrc-carat-cont\"><span class=\"vrc-expl\" data-vrc-expl=\"3x Luggage\"><i class=\"fas fa-suitcase\"><\/i><\/span><\/span>\n<\/div><div class=\"vrccarcarat\"><span class=\"vrc-carat-cont\"><span class=\"vrc-expl\" data-vrc-expl=\"2x Luggage\"><i class=\"fas fa-suitcase\"><\/i><\/span><\/span>\n<\/div><\/div>\n\t\t\t\t\t\t\t<\/div>\n\t\t\t\t\t\t\t\t\t\t\t\t<\/div>\n\t\t\t\t\t<div class=\"vrc-car-lastblock\">\n\t\t\t\t\t\t<div class=\"vrc-car-price\">\n\t\t\t\t\t\t\t<div class=\"vrcsrowpricediv\">\n\t\t\t\t\t\t\t\t\t\t\t\t\t\t\t<span class=\"vrcstartfrom\">Duke filluar nga<\/span>\n\t\t\t\t\t\t\t\t<span class=\"car_cost\"><span class=\"vrc_currency\">\u20ac<\/span> <span class=\"vrc_price\">35.00<\/span><\/span>\n\t\t\t\t\t\t\t\t\t\t\t\t\t\t<\/div>\n\t\t\t\t\t\t<\/div>\n\t\t\t\t\t\t<div class=\"vrc-car-bookingbtn\">\n\t\t\t\t\t\t\t<span class=\"vrclistgoon\"><a class=\"btn vrc-pref-color-btn\" href=\"https:\/\/enisrent.com\/sq\/oferta\/?option=com_vikrentcar&amp;view=cardetails&amp;carid=1\">Rezervo Tani<\/a><\/span>\n\t\t\t\t\t\t<\/div>\n\t\t\t\t\t<\/div>\n\t\t\t\t<\/div>\n\t\t\t<\/div>\n\t\t<\/div>\n\t<\/div>\n\t\t<div class=\"car_result\">\n\t\t<div class=\"vrc-car-result-left\">\n\t\t\t\t\t<img decoding=\"async\" class=\"imgresult\" alt=\"Kia Rio III 2011\" src=\"https:\/\/enisrent.com\/wp-content\/plugins\/vikrentcar\/admin\/resources\/vthumb_2011-kia-rio5-lx-4dr-wagon.jpg\"\/>\n\t\t\t\t\t<\/div>\n\t\t<div class=\"vrc-car-result-right\">\n\t\t\t<div class=\"vrc-car-result-rightinner\">\n\t\t\t\t<div class=\"vrc-car-result-rightinner-deep\">\n\t\t\t\t\t<div class=\"vrc-car-result-inner\">\n\t\t\t\t\t\t<h4 class=\"vrc-car-name\">\n\t\t\t\t\t\t\t<a href=\"https:\/\/enisrent.com\/sq\/oferta\/?option=com_vikrentcar&amp;view=cardetails&amp;carid=8\">Kia Rio III 2011<\/a>\n\t\t\t\t\t\t<\/h4>\n\t\t\t\t\t\t\t\t\t\t\t<div class=\"vrc-car-category\">Kia, Ulje<\/div>\n\t\t\t\t\t\t\t\t\t\t\t\t<div class=\"vrc-car-result-description\">\n\t\t\t\t\t\tKia Rio III 2011 Benzin\u00eb 1.6 Automatik 4 + 1 ofron kombinim t\u00eb mir\u00eb t\u00eb performanc\u00ebs dhe komoditetit, ideal p\u00ebr p\u00ebrdorim n\u00eb qytet dhe udh\u00ebtime t\u00eb shkurtra.\t\t\t\t\t\t<\/div>\n\t\t\t\t\t\t\t\t\t\t\t<\/div>\n\t\t\t\t\t<div class=\"vrc-car-lastblock\">\n\t\t\t\t\t\t<div class=\"vrc-car-price\">\n\t\t\t\t\t\t\t<div class=\"vrcsrowpricediv\">\n\t\t\t\t\t\t\t\t\t\t\t\t\t\t\t<span class=\"vrcstartfrom\">Duke filluar nga<\/span>\n\t\t\t\t\t\t\t\t<span class=\"car_cost\"><span class=\"vrc_currency\">\u20ac<\/span> <span class=\"vrc_price\">35.00<\/span><\/span>\n\t\t\t\t\t\t\t\t\t\t\t\t\t\t<\/div>\n\t\t\t\t\t\t<\/div>\n\t\t\t\t\t\t<div class=\"vrc-car-bookingbtn\">\n\t\t\t\t\t\t\t<span class=\"vrclistgoon\"><a class=\"btn vrc-pref-color-btn\" href=\"https:\/\/enisrent.com\/sq\/oferta\/?option=com_vikrentcar&amp;view=cardetails&amp;carid=8\">Rezervo Tani<\/a><\/span>\n\t\t\t\t\t\t<\/div>\n\t\t\t\t\t<\/div>\n\t\t\t\t<\/div>\n\t\t\t<\/div>\n\t\t<\/div>\n\t<\/div>\n\t<\/div>\n\n<script type=\"text\/javascript\">\njQuery(function() {\n\tif (jQuery('.car_result').length) {\n\t\tjQuery('.car_result').each(function() {\n\t\t\tvar car_img = jQuery(this).find('.vrc-car-result-left').find('img');\n\t\t\tif (car_img.length) {\n\t\t\t\tjQuery(this).find('.vrc-car-result-right').find('.vrc-car-result-rightinner').find('.vrc-car-result-rightinner-deep').find('.vrc-car-result-inner').css('min-height', car_img.height()+'px');\n\t\t\t}\n\t\t});\n\t};\n});\n<\/script>\n\n<\/div>\n\t\t\t\t<\/div>\n\t\t\t\t<\/div>\n\t\t\t\t\t<\/div>\n\t\t\t\t<\/div>\n\t\t\t\t<\/div>","protected":false},"excerpt":{"rendered":"<p>Offers Best Prices<\/p>","protected":false},"author":1,"featured_media":0,"parent":0,"menu_order":0,"comment_status":"closed","ping_status":"closed","template":"","meta":{"footnotes":""},"class_list":["post-15","page","type-page","status-publish","hentry"],"yoast_head":"<!-- This site is optimized with the Yoast SEO plugin v25.7 - https:\/\/yoast.com\/wordpress\/plugins\/seo\/ -->\n<title>Oferta - Enisrent<\/title>\n<meta name=\"robots\" content=\"index, follow, max-snippet:-1, max-image-preview:large, max-video-preview:-1\" \/>\n<link rel=\"canonical\" href=\"https:\/\/enisrent.com\/sq\/oferta\/\" \/>\n<meta property=\"og:locale\" content=\"sq_AL\" \/>\n<meta property=\"og:type\" content=\"article\" \/>\n<meta property=\"og:title\" content=\"Oferta - Enisrent\" \/>\n<meta property=\"og:description\" content=\"Offers Best Prices\" \/>\n<meta property=\"og:url\" content=\"https:\/\/enisrent.com\/sq\/oferta\/\" \/>\n<meta property=\"og:site_name\" content=\"Enisrent\" \/>\n<meta property=\"article:modified_time\" content=\"2024-06-26T07:44:34+00:00\" \/>\n<meta name=\"twitter:card\" content=\"summary_large_image\" \/>\n<meta name=\"twitter:label1\" content=\"Est. reading time\" \/>\n\t<meta name=\"twitter:data1\" content=\"1 minut\u00eb\" \/>\n<script type=\"application\/ld+json\" class=\"yoast-schema-graph\">{\"@context\":\"https:\/\/schema.org\",\"@graph\":[{\"@type\":\"WebPage\",\"@id\":\"https:\/\/enisrent.com\/oferta\/\",\"url\":\"https:\/\/enisrent.com\/oferta\/\",\"name\":\"Oferta - Enisrent\",\"isPartOf\":{\"@id\":\"https:\/\/enisrent.com\/#website\"},\"datePublished\":\"2024-06-17T12:11:00+00:00\",\"dateModified\":\"2024-06-26T07:44:34+00:00\",\"breadcrumb\":{\"@id\":\"https:\/\/enisrent.com\/oferta\/#breadcrumb\"},\"inLanguage\":\"sq\",\"potentialAction\":[{\"@type\":\"ReadAction\",\"target\":[\"https:\/\/enisrent.com\/oferta\/\"]}]},{\"@type\":\"BreadcrumbList\",\"@id\":\"https:\/\/enisrent.com\/oferta\/#breadcrumb\",\"itemListElement\":[{\"@type\":\"ListItem\",\"position\":1,\"name\":\"Home\",\"item\":\"https:\/\/enisrent.com\/\"},{\"@type\":\"ListItem\",\"position\":2,\"name\":\"Oferta\"}]},{\"@type\":\"WebSite\",\"@id\":\"https:\/\/enisrent.com\/#website\",\"url\":\"https:\/\/enisrent.com\/\",\"name\":\"Enisrent\",\"description\":\"\",\"publisher\":{\"@id\":\"https:\/\/enisrent.com\/#\/schema\/person\/33d61407245f618c9cad690d0a98d40d\"},\"alternateName\":\"Enis Rental\",\"potentialAction\":[{\"@type\":\"SearchAction\",\"target\":{\"@type\":\"EntryPoint\",\"urlTemplate\":\"https:\/\/enisrent.com\/?s={search_term_string}\"},\"query-input\":{\"@type\":\"PropertyValueSpecification\",\"valueRequired\":true,\"valueName\":\"search_term_string\"}}],\"inLanguage\":\"sq\"},{\"@type\":[\"Person\",\"Organization\"],\"@id\":\"https:\/\/enisrent.com\/#\/schema\/person\/33d61407245f618c9cad690d0a98d40d\",\"name\":\"enisrent\",\"image\":{\"@type\":\"ImageObject\",\"inLanguage\":\"sq\",\"@id\":\"https:\/\/enisrent.com\/#\/schema\/person\/image\/\",\"url\":\"https:\/\/enisrent.com\/wp-content\/uploads\/2024\/06\/cropped-logo-enis-rent.png\",\"contentUrl\":\"https:\/\/enisrent.com\/wp-content\/uploads\/2024\/06\/cropped-logo-enis-rent.png\",\"width\":582,\"height\":238,\"caption\":\"enisrent\"},\"logo\":{\"@id\":\"https:\/\/enisrent.com\/#\/schema\/person\/image\/\"}}]}<\/script>\n<!-- \/ Yoast SEO plugin. -->","yoast_head_json":{"title":"Oferta - Enisrent","robots":{"index":"index","follow":"follow","max-snippet":"max-snippet:-1","max-image-preview":"max-image-preview:large","max-video-preview":"max-video-preview:-1"},"canonical":"https:\/\/enisrent.com\/sq\/oferta\/","og_locale":"sq_AL","og_type":"article","og_title":"Oferta - Enisrent","og_description":"Offers Best Prices","og_url":"https:\/\/enisrent.com\/sq\/oferta\/","og_site_name":"Enisrent","article_modified_time":"2024-06-26T07:44:34+00:00","twitter_card":"summary_large_image","twitter_misc":{"Est. reading time":"1 minut\u00eb"},"schema":{"@context":"https:\/\/schema.org","@graph":[{"@type":"WebPage","@id":"https:\/\/enisrent.com\/oferta\/","url":"https:\/\/enisrent.com\/oferta\/","name":"Oferta - Enisrent","isPartOf":{"@id":"https:\/\/enisrent.com\/#website"},"datePublished":"2024-06-17T12:11:00+00:00","dateModified":"2024-06-26T07:44:34+00:00","breadcrumb":{"@id":"https:\/\/enisrent.com\/oferta\/#breadcrumb"},"inLanguage":"sq","potentialAction":[{"@type":"ReadAction","target":["https:\/\/enisrent.com\/oferta\/"]}]},{"@type":"BreadcrumbList","@id":"https:\/\/enisrent.com\/oferta\/#breadcrumb","itemListElement":[{"@type":"ListItem","position":1,"name":"Home","item":"https:\/\/enisrent.com\/"},{"@type":"ListItem","position":2,"name":"Oferta"}]},{"@type":"WebSite","@id":"https:\/\/enisrent.com\/#website","url":"https:\/\/enisrent.com\/","name":"Enisrent","description":"","publisher":{"@id":"https:\/\/enisrent.com\/#\/schema\/person\/33d61407245f618c9cad690d0a98d40d"},"alternateName":"Enis Rental","potentialAction":[{"@type":"SearchAction","target":{"@type":"EntryPoint","urlTemplate":"https:\/\/enisrent.com\/?s={search_term_string}"},"query-input":{"@type":"PropertyValueSpecification","valueRequired":true,"valueName":"search_term_string"}}],"inLanguage":"sq"},{"@type":["Person","Organization"],"@id":"https:\/\/enisrent.com\/#\/schema\/person\/33d61407245f618c9cad690d0a98d40d","name":"enisrent","image":{"@type":"ImageObject","inLanguage":"sq","@id":"https:\/\/enisrent.com\/#\/schema\/person\/image\/","url":"https:\/\/enisrent.com\/wp-content\/uploads\/2024\/06\/cropped-logo-enis-rent.png","contentUrl":"https:\/\/enisrent.com\/wp-content\/uploads\/2024\/06\/cropped-logo-enis-rent.png","width":582,"height":238,"caption":"enisrent"},"logo":{"@id":"https:\/\/enisrent.com\/#\/schema\/person\/image\/"}}]}},"_links":{"self":[{"href":"https:\/\/enisrent.com\/sq\/wp-json\/wp\/v2\/pages\/15","targetHints":{"allow":["GET"]}}],"collection":[{"href":"https:\/\/enisrent.com\/sq\/wp-json\/wp\/v2\/pages"}],"about":[{"href":"https:\/\/enisrent.com\/sq\/wp-json\/wp\/v2\/types\/page"}],"author":[{"embeddable":true,"href":"https:\/\/enisrent.com\/sq\/wp-json\/wp\/v2\/users\/1"}],"replies":[{"embeddable":true,"href":"https:\/\/enisrent.com\/sq\/wp-json\/wp\/v2\/comments?post=15"}],"version-history":[{"count":0,"href":"https:\/\/enisrent.com\/sq\/wp-json\/wp\/v2\/pages\/15\/revisions"}],"wp:attachment":[{"href":"https:\/\/enisrent.com\/sq\/wp-json\/wp\/v2\/media?parent=15"}],"curies":[{"name":"wp","href":"https:\/\/api.w.org\/{rel}","templated":true}]}}